{"id":664,"date":"2020-04-21T10:41:04","date_gmt":"2020-04-21T08:41:04","guid":{"rendered":"https:\/\/adam-theis.de\/?page_id=664"},"modified":"2024-06-26T15:26:59","modified_gmt":"2024-06-26T13:26:59","slug":"faq-zum-drive-in","status":"publish","type":"page","link":"https:\/\/adam-theis.de\/?page_id=664","title":{"rendered":"Drive-In FAQ"},"content":{"rendered":"\n<p>[su_spoiler title=&#8220;Wann ist der Vitamin-Drive-In ge\u00f6ffnet?&#8220; style=&#8220;simple&#8220;]<br>Die \u00d6ffnungszeiten f\u00fcr den Vitamin-Drive-In in Hochstadt finden Sie hier: <strong><a href=\"https:\/\/adam-theis.de\/?page_id=395\">Drive-In in Hochstadt<\/a><\/strong> [\/su_spoiler]<\/p>\n\n\n\n<p>[su_spoiler title=&#8220;Was kostet eine Kiste?&#8220; style=&#8220;simple&#8220;]<br>Wir haben verschiedene Kisten im Angebot.<br>Eine \u00dcbersicht \u00fcber unser Angebot im Vitamin-Drive-In gibt es hier: <strong><a href=\"https:\/\/adam-theis.de\/?page_id=857\">Unsere Produkte<\/a><\/strong><br> [\/su_spoiler]<\/p>\n\n\n\n<p>[su_spoiler title=&#8220;Was ist in den Kisten drin?&#8220; style=&#8220;simple&#8220;]<br>Der genaue Inhalt der Kisten variiert immer etwas und kann von Tag zu Tag unterschiedlich sein.<br>Eine \u00dcbersicht mit Beispielen f\u00fcr alle Kisten finden Sie hier: <strong><a href=\"https:\/\/adam-theis.de\/?page_id=857\">Unsere Produkte<\/a><\/strong><br> [\/su_spoiler]<\/p>\n\n\n\n<p>[su_spoiler title=&#8220;Muss man vorbestellen?&#8220; style=&#8220;simple&#8220;]<br>Nein, eine Vorbestellung ist f\u00fcr den Einkauf im Drive-In nicht n\u00f6tig. Sie k\u00f6nnen sich in unserem neuen <a href=\"http:\/\/shop.adam-theis.de\">Webshop<\/a> aber auch individuelle Bestellungen aus unserem gro\u00dfen Frische-Sortiment zusammenstellen.<br> [\/su_spoiler]<\/p>\n\n\n\n<p>[su_spoiler title=&#8220;Ist eine Zahlung mit EC-Karte m\u00f6glich?&#8220; style=&#8220;simple&#8220;]<br>Vor Ort kann leider nur Bar bezahlt werden. Sollten Sie aber \u00fcber unseren <a href=\"https:\\\\shop.adam-theis.de\\\" target=\"_blank\" rel=\"noreferrer noopener\">Webshop<\/a> vorbestellen, k\u00f6nnen Sie dort bereits \u00fcber PayPal oder Klarna bezahlen.<br> [\/su_spoiler]<\/p>\n\n\n\n<p>[su_spoiler title=&#8220;K\u00f6nnen die leeren Kartons und Kisten zur\u00fcckgegeben werden?&#8220; style=&#8220;simple&#8220;]<br>Bei Webshop-Abholern wird der Pfandwert von 5,-\u20ac pro Kiste erstmal nicht an Sie berechnet, aber die Kisten bleiben Eigentum der Adam Theis GmbH und wenn die R\u00fcckgabe nicht zeitnah erfolgt, behalten wir uns vor den Pfandwert in Rechnung zu stellen.<br> [\/su_spoiler]<\/p>\n\n\n\n<p>[su_spoiler title=&#8220;Mit meiner Kiste war etwas nicht in Ordnung. An wen kann ich mich wenden?&#8220; style=&#8220;simple&#8220;]<br>Sollten Sie nicht zufrieden sein, schreiben Sie uns einfach eine private Nachricht auf Facebook oder eine E-Mail an <a href=\"mailto:vitamine@adam-theis.de\"><strong>vitamine@adam-theis.de<\/strong><\/a><br> [\/su_spoiler]<\/p>\n","protected":false},"excerpt":{"rendered":"<p>[su_spoiler title=&#8220;Wann ist der Vitamin-Drive-In ge\u00f6ffnet?&#8220; style=&#8220;simple&#8220;]Die \u00d6ffnungszeiten f\u00fcr den Vitamin-Drive-In in Hochstadt finden Sie hier: Drive-In in Hochstadt [\/su_spoiler] [su_spoiler title=&#8220;Was kostet eine Kiste?&#8220; style=&#8220;simple&#8220;]Wir haben verschiedene Kisten im Angebot.Eine \u00dcbersicht \u00fcber unser Angebot im Vitamin-Drive-In gibt es hier: Unsere Produkte [\/su_spoiler] [su_spoiler title=&#8220;Was ist in den Kisten drin?&#8220; [&hellip;]<\/p>\n","protected":false},"author":1,"featured_media":0,"parent":0,"menu_order":0,"comment_status":"closed","ping_status":"closed","template":"","meta":{"footnotes":""},"class_list":["post-664","page","type-page","status-publish","hentry"],"_links":{"self":[{"href":"https:\/\/adam-theis.de\/index.php?rest_route=\/wp\/v2\/pages\/664","targetHints":{"allow":["GET"]}}],"collection":[{"href":"https:\/\/adam-theis.de\/index.php?rest_route=\/wp\/v2\/pages"}],"about":[{"href":"https:\/\/adam-theis.de\/index.php?rest_route=\/wp\/v2\/types\/page"}],"author":[{"embeddable":true,"href":"https:\/\/adam-theis.de\/index.php?rest_route=\/wp\/v2\/users\/1"}],"replies":[{"embeddable":true,"href":"https:\/\/adam-theis.de\/index.php?rest_route=%2Fwp%2Fv2%2Fcomments&post=664"}],"version-history":[{"count":20,"href":"https:\/\/adam-theis.de\/index.php?rest_route=\/wp\/v2\/pages\/664\/revisions"}],"predecessor-version":[{"id":3846,"href":"https:\/\/adam-theis.de\/index.php?rest_route=\/wp\/v2\/pages\/664\/revisions\/3846"}],"wp:attachment":[{"href":"https:\/\/adam-theis.de\/index.php?rest_route=%2Fwp%2Fv2%2Fmedia&parent=664"}],"curies":[{"name":"wp","href":"https:\/\/api.w.org\/{rel}","templated":true}]}}