{"id":26,"date":"2018-06-15T08:21:21","date_gmt":"2018-06-15T08:21:21","guid":{"rendered":"http:\/\/homepage.adam-theis.de\/?page_id=26"},"modified":"2023-01-02T15:43:19","modified_gmt":"2023-01-02T14:43:19","slug":"impressum","status":"publish","type":"page","link":"https:\/\/adam-theis.de\/?page_id=26","title":{"rendered":"Impressum"},"content":{"rendered":"<table>\n<tbody>\n<tr>\n<th>Firmenbezeichnung<\/th>\n<th>Adam Theis GmbH<\/th>\n<\/tr>\n<tr>\n<td>Gesch\u00e4ftsf\u00fchrer<\/td>\n<td>Werner Theis, Peter Theis, Andreas Theis, Jonas Wolf, Otto Theis<\/td>\n<\/tr>\n<tr>\n<td>Adresse<\/td>\n<td>Edesheimer Weg 1<br \/>\n76879 Hochstadt<\/td>\n<\/tr>\n<tr>\n<td>Kontaktdaten<\/td>\n<td>Tel.: +49 6347 976 0<br \/>\nFax.: +49 6347 6786<br \/>\n<a href=\"mailto:info@adam-theis.de\">info@adam-theis.de<\/a><\/td>\n<\/tr>\n<tr>\n<td>Ust \u2013 ID Nr.<\/td>\n<td>DE 148932856<\/td>\n<\/tr>\n<tr>\n<td>ILN Nr.<\/td>\n<td>4015172000006<\/td>\n<\/tr>\n<tr>\n<td>DSD Nr.<\/td>\n<td>14434 vom 23.03.1992<\/td>\n<\/tr>\n<tr>\n<td>IBAN-CODE<\/td>\n<td>IBAN DE72 5486 2500 0006 1023 60<\/td>\n<\/tr>\n<tr>\n<td>SWIFT-CODE \/ BIC<\/td>\n<td>GENO DE 61 SUW<\/td>\n<\/tr>\n<tr>\n<td>Handelsregistergericht<\/td>\n<td>Amtsgericht Landau\/Pfalz<\/td>\n<\/tr>\n<tr>\n<td>Handelsregisternummer<\/td>\n<td>HRB 1365<\/td>\n<\/tr>\n<tr>\n<td>Zertifizierung<\/td>\n<td>H\u00f6heres Niveau des IFS, Food (incl. HACCP)<br \/>\nH\u00f6heres Niveau des IFS, Cash&amp;Carry \/ Wholesale<\/td>\n<\/tr>\n<tr>\n<td>Bio-Kontrollstelle<\/td>\n<td>DE-\u00d6KO-006, ABCERT GmbH<\/td>\n<\/tr>\n<tr>\n<td>Bio-Kontrollnummer<\/td>\n<td>DE-RP-006-10857-BD<\/td>\n<\/tr>\n<\/tbody>\n<\/table>\n<p><strong>Inhaber und Betreiber sowie Inhaltlich Verantwortlicher gem\u00e4\u00df \u00a7 18 Absatz 2 MStV:<br \/>\n<\/strong>Werner Theis, Edesheimer Weg 1, 76879 Hochstadt<\/p>\n<p><strong>Haftungshinweis:<\/strong><\/p>\n<p>Alle Rechte werden von Adam Theis GmbH vorbehalten.<\/p>\n<p>Texte, Bilder, Grafiken, Audio-Files, Animationen und Videos sowie deren Anordnung auf der Internetseite des Blogs unterliegen dem Schutz des Urheberrechts und anderer Schutzgesetze. Der Inhalt dieser Websites darf nicht zu kommerziellen Zwecken kopiert, verbreitet, ver\u00e4ndert oder Dritten zug\u00e4nglich gemacht werden, ohne das eine schriftliche Erlaubnis vorliegt.<\/p>\n<p>Alle genannten Markennamen &amp; Markenzeichen sind Eigentum der jeweiligen Inhaber.<\/p>\n<p><strong>Haftungsausschluss<\/strong><\/p>\n<p>Haftung f\u00fcr Inhalte<\/p>\n<p>Die Inhalte unserer Seiten wurden mit gr\u00f6\u00dfter Sorgfalt erstellt. F\u00fcr die Richtigkeit, Vollst\u00e4ndigkeit und Aktualit\u00e4t der Inhalte k\u00f6nnen wir jedoch keine Gew\u00e4hr \u00fcbernehmen.<\/p>\n<p>Bei bekannt werden von Rechtsverletzungen werden wir diese Inhalte umgehend entfernen.<\/p>\n<p><strong>Bilder<\/strong><\/p>\n<p>Eine Vervielf\u00e4ltigung oder Verwendung der Texte und Grafiken in anderen elektronischen oder gedruckten Publikationen ist ohne ausdr\u00fcckliche Zustimmung nicht gestattet.<\/p>\n<p>Neben selbst erstellten verwenden wir auch Fotos und Bilder von Pexels.com und stock.adobe.com.<br \/>\nDie Adobe Stock Grafiken wurden offiziell lizensiert.\u00a0Die ver\u00f6ffentlichen Bilder von Pexels.com sind unter der Creative Commons Zero (CC0) Lizenz ver\u00f6ffentlicht. Das bedeutet sie d\u00fcrfen f\u00fcr private , sowie kommerzielle Projekte genutzt werden. Auch eine Namensnennung ist nicht erforderlich.<br \/>\n<a href=\"https:\/\/www.pexels.com\/de\/fotolizenz\/\" target=\"_blank\" rel=\"noopener noreferrer\">Pexels.com Lizenz<\/a><br \/>\n<a href=\"https:\/\/www.pexels.com\/de\/freie-und-kostenlose-bilder-finden\/\" target=\"_blank\" rel=\"noopener noreferrer\">Hinweis zur CC0 Lizenz bei Pexels.com<\/a><\/p>\n","protected":false},"excerpt":{"rendered":"<p>Firmenbezeichnung Adam Theis GmbH Gesch\u00e4ftsf\u00fchrer Werner Theis, Peter Theis, Andreas Theis, Jonas Wolf, Otto Theis Adresse Edesheimer Weg 1 76879 Hochstadt Kontaktdaten Tel.: +49 6347 976 0 Fax.: +49 6347 6786 info@adam-theis.de Ust \u2013 ID Nr. DE 148932856 ILN Nr. 4015172000006 DSD Nr. 14434 vom 23.03.1992 IBAN-CODE IBAN DE72 5486 [&hellip;]<\/p>\n","protected":false},"author":1,"featured_media":0,"parent":0,"menu_order":0,"comment_status":"closed","ping_status":"closed","template":"page-templates\/template-page-sidebar.php","meta":{"footnotes":""},"class_list":["post-26","page","type-page","status-publish","hentry"],"_links":{"self":[{"href":"https:\/\/adam-theis.de\/index.php?rest_route=\/wp\/v2\/pages\/26","targetHints":{"allow":["GET"]}}],"collection":[{"href":"https:\/\/adam-theis.de\/index.php?rest_route=\/wp\/v2\/pages"}],"about":[{"href":"https:\/\/adam-theis.de\/index.php?rest_route=\/wp\/v2\/types\/page"}],"author":[{"embeddable":true,"href":"https:\/\/adam-theis.de\/index.php?rest_route=\/wp\/v2\/users\/1"}],"replies":[{"embeddable":true,"href":"https:\/\/adam-theis.de\/index.php?rest_route=%2Fwp%2Fv2%2Fcomments&post=26"}],"version-history":[{"count":36,"href":"https:\/\/adam-theis.de\/index.php?rest_route=\/wp\/v2\/pages\/26\/revisions"}],"predecessor-version":[{"id":3001,"href":"https:\/\/adam-theis.de\/index.php?rest_route=\/wp\/v2\/pages\/26\/revisions\/3001"}],"wp:attachment":[{"href":"https:\/\/adam-theis.de\/index.php?rest_route=%2Fwp%2Fv2%2Fmedia&parent=26"}],"curies":[{"name":"wp","href":"https:\/\/api.w.org\/{rel}","templated":true}]}}