{"id":15,"date":"2018-06-15T08:11:56","date_gmt":"2018-06-15T08:11:56","guid":{"rendered":"http:\/\/homepage.adam-theis.de\/?page_id=15"},"modified":"2025-01-29T15:57:07","modified_gmt":"2025-01-29T14:57:07","slug":"startseite","status":"publish","type":"page","link":"https:\/\/adam-theis.de\/","title":{"rendered":"Home"},"content":{"rendered":"\n<p class=\"has-accent-color has-text-color has-link-color has-medium-font-size wp-elements-82a5d4408119bcf33bb47567ae013cb2\"><em><strong><strong>Frisch &#8211; Freundlich &#8211; Fair <\/strong>seit 1875<\/strong><\/em><\/p>\n\n\n\n<p><\/p>\n\n\n\n<p class=\"has-medium-font-size\"><strong>Qualit\u00e4t und Zuverl\u00e4ssigkeit stehen bei uns an erster Stelle.<\/strong><\/p>\n\n\n\n<p>Die Firma Adam Theis besteht seit 1875 und liegt mitten im Obst- und Gem\u00fcse-Anbaugebiet S\u00fcdpfalz.&nbsp;Im Sommer vermarkten wir&nbsp;die Erzeugnisse unserer Pf\u00e4lzer Anbauer und im Winter&nbsp;beziehen wir Ware&nbsp;von unseren Partnern in Europa und \u00dcbersee.<\/p>\n\n\n\n<p>Unser Sortiment umfasst frisches Gem\u00fcse, Salate, Obst, Pilze, Kr\u00e4uter,&nbsp;gesch\u00e4lte Kartoffeln, Molkerei-Produkte u.v.m.. Wir haben eine eigene Fresh-Cut Produktion f\u00fcr k\u00fcchenfertige Salate, Gem\u00fcse und Obst. &nbsp;Feinkostsalate der Marken &#8222;Hemmer&#8220; und &#8222;Adams&#8220; werden in unserer Salatk\u00fcche&nbsp; frisch zubereitet. Wir sind BIO- und IFS-zertifiziert.<br>Wir beliefern&nbsp; t\u00e4glich Fach-Gro\u00dfh\u00e4ndler in ganz S\u00fcddeutschland. Unser Gastro-Service&nbsp;f\u00e4hrt im Raum Mannheim, Heidelberg, Karlsruhe, Baden-Baden, Saarbr\u00fccken, Kaiserslautern und Worms direkt zu Gro\u00dfverbrauchern und zur Gastronomie.<br>Wir sind Partner des Landes Rheinland-Pfalz f\u00fcr 1.300 Schulen und Kitas&nbsp;im Schulobst- und Schulmilch-Programm.<br>Im Umkreis von 80km bedienen wir Endverbraucher mit guten Lebensmitteln aus der Region \u00fcber unseren Webshop. Mehr als 300 Mitarbeiter stellen ihre Arbeitskraft in den Dienst unserer Kunden.<br><\/p>\n\n\n\n<hr class=\"wp-block-separator has-css-opacity\"\/>\n\n\n\n<hr class=\"wp-block-separator has-css-opacity\"\/>\n\n\n\n<figure class=\"wp-block-image size-large is-resized\"><img loading=\"lazy\" decoding=\"async\" width=\"1024\" height=\"576\" src=\"https:\/\/adam-theis.de\/wp-content\/uploads\/Luftbild-Firma-1024x576.jpg\" alt=\"\" class=\"wp-image-3925\" style=\"width:814px;height:auto\" srcset=\"https:\/\/adam-theis.de\/wp-content\/uploads\/Luftbild-Firma-1024x576.jpg 1024w, https:\/\/adam-theis.de\/wp-content\/uploads\/Luftbild-Firma-300x169.jpg 300w, https:\/\/adam-theis.de\/wp-content\/uploads\/Luftbild-Firma-768x432.jpg 768w, https:\/\/adam-theis.de\/wp-content\/uploads\/Luftbild-Firma-1536x864.jpg 1536w, https:\/\/adam-theis.de\/wp-content\/uploads\/Luftbild-Firma.jpg 1920w\" sizes=\"auto, (max-width: 1024px) 100vw, 1024px\" \/><\/figure>\n\n\n\n<p><\/p>\n\n\n\n<hr class=\"wp-block-separator has-alpha-channel-opacity\"\/>\n\n\n\n<hr class=\"wp-block-separator has-alpha-channel-opacity\"\/>\n\n\n\n<p><\/p>\n\n\n\n<div class=\"wp-block-columns alignwide is-layout-flex wp-container-core-columns-is-layout-28f84493 wp-block-columns-is-layout-flex\">\n<div class=\"wp-block-column is-layout-flow wp-block-column-is-layout-flow\">\n<div class=\"wp-block-media-text alignwide is-stacked-on-mobile\" style=\"grid-template-columns:40% auto\"><figure class=\"wp-block-media-text__media\"><video controls src=\"https:\/\/adam-theis.de\/wp-content\/uploads\/adam_theis___videokarte_gastro-service-1080p-3.mp4\"><\/video><\/figure><div class=\"wp-block-media-text__content\">\n<p class=\"has-black-color has-text-color\"><strong>Unser Gastro-Service<\/strong><\/p>\n<\/div><\/div>\n<\/div>\n<\/div>\n\n\n\n<p><\/p>\n\n\n\n<p><mark style=\"background-color:rgba(0, 0, 0, 0)\" class=\"has-inline-color has-white-color\"> ABSATZ<\/mark><\/p>\n\n\n\n<p><mark style=\"background-color:rgba(0, 0, 0, 0)\" class=\"has-inline-color has-white-color\">ABSATZ<\/mark><\/p>\n\n\n\n<p><mark style=\"background-color:rgba(0, 0, 0, 0)\" class=\"has-inline-color has-white-color\">ABSATZ<\/mark><\/p>\n\n\n\n<p><\/p>\n\n\n\n<div class=\"wp-block-columns alignwide are-vertically-aligned-center is-layout-flex wp-container-core-columns-is-layout-28f84493 wp-block-columns-is-layout-flex\">\n<div class=\"wp-block-column is-layout-flow wp-block-column-is-layout-flow\" style=\"flex-basis:56%\"><div class=\"wp-block-image\">\n<figure class=\"alignleft size-large is-resized\"><a href=\"https:\/\/adam-theis.de\/?page_id=4708\" target=\"_blank\" rel=\"noreferrer noopener\"><img loading=\"lazy\" decoding=\"async\" width=\"1024\" height=\"1024\" src=\"https:\/\/adam-theis.de\/wp-content\/uploads\/Fresh-Cut-Cluster_Website_Banner_1080x1080px_Info-1-1024x1024.jpg\" alt=\"\" class=\"wp-image-4705\" style=\"width:309px;height:auto\" srcset=\"https:\/\/adam-theis.de\/wp-content\/uploads\/Fresh-Cut-Cluster_Website_Banner_1080x1080px_Info-1-1024x1024.jpg 1024w, https:\/\/adam-theis.de\/wp-content\/uploads\/Fresh-Cut-Cluster_Website_Banner_1080x1080px_Info-1-300x300.jpg 300w, https:\/\/adam-theis.de\/wp-content\/uploads\/Fresh-Cut-Cluster_Website_Banner_1080x1080px_Info-1-150x150.jpg 150w, https:\/\/adam-theis.de\/wp-content\/uploads\/Fresh-Cut-Cluster_Website_Banner_1080x1080px_Info-1-768x768.jpg 768w, https:\/\/adam-theis.de\/wp-content\/uploads\/Fresh-Cut-Cluster_Website_Banner_1080x1080px_Info-1.jpg 1080w\" sizes=\"auto, (max-width: 1024px) 100vw, 1024px\" \/><\/a><\/figure><\/div>\n\n\n<p class=\"has-text-align-center has-black-color has-text-color has-link-color wp-elements-68438fe9b4465c156a25a23c85655c93\"><a href=\"https:\/\/adam-theis.de\/?page_id=4708\" data-type=\"link\" data-id=\"https:\/\/adam-theis.de\/?page_id=4708\" target=\"_blank\" rel=\"noreferrer noopener\"><\/a><\/p>\n\n\n\n<p class=\"has-text-align-center\"><br><\/p>\n\n\n\n<p class=\"has-text-align-center\"><br><strong><mark style=\"background-color:rgba(0, 0, 0, 0)\" class=\"has-inline-color has-black-color\">Unsere Fresh-Cut Produktion<\/mark><\/strong><\/p>\n<\/div>\n\n\n\n<div class=\"wp-block-column is-layout-flow wp-block-column-is-layout-flow\" style=\"flex-basis:44%\">\n<figure class=\"wp-block-video\"><video controls src=\"https:\/\/adam-theis.de\/wp-content\/uploads\/adam_theis___videokarte_fresh-cut-1080p-1-2.mp4\"><\/video><\/figure>\n<\/div>\n<\/div>\n\n\n\n<hr class=\"wp-block-separator has-css-opacity\"\/>\n\n\n\n<hr class=\"wp-block-separator has-css-opacity\"\/>\n\n\n\n<p><\/p>\n","protected":false},"excerpt":{"rendered":"<p>Frisch &#8211; Freundlich &#8211; Fair seit 1875 Qualit\u00e4t und Zuverl\u00e4ssigkeit stehen bei uns an erster Stelle. Die Firma Adam Theis besteht seit 1875 und liegt mitten im Obst- und Gem\u00fcse-Anbaugebiet S\u00fcdpfalz.&nbsp;Im Sommer vermarkten wir&nbsp;die Erzeugnisse unserer Pf\u00e4lzer Anbauer und im Winter&nbsp;beziehen wir Ware&nbsp;von unseren Partnern in Europa und \u00dcbersee. Unser [&hellip;]<\/p>\n","protected":false},"author":1,"featured_media":0,"parent":0,"menu_order":0,"comment_status":"closed","ping_status":"closed","template":"","meta":{"footnotes":""},"class_list":["post-15","page","type-page","status-publish","hentry"],"_links":{"self":[{"href":"https:\/\/adam-theis.de\/index.php?rest_route=\/wp\/v2\/pages\/15","targetHints":{"allow":["GET"]}}],"collection":[{"href":"https:\/\/adam-theis.de\/index.php?rest_route=\/wp\/v2\/pages"}],"about":[{"href":"https:\/\/adam-theis.de\/index.php?rest_route=\/wp\/v2\/types\/page"}],"author":[{"embeddable":true,"href":"https:\/\/adam-theis.de\/index.php?rest_route=\/wp\/v2\/users\/1"}],"replies":[{"embeddable":true,"href":"https:\/\/adam-theis.de\/index.php?rest_route=%2Fwp%2Fv2%2Fcomments&post=15"}],"version-history":[{"count":300,"href":"https:\/\/adam-theis.de\/index.php?rest_route=\/wp\/v2\/pages\/15\/revisions"}],"predecessor-version":[{"id":4745,"href":"https:\/\/adam-theis.de\/index.php?rest_route=\/wp\/v2\/pages\/15\/revisions\/4745"}],"wp:attachment":[{"href":"https:\/\/adam-theis.de\/index.php?rest_route=%2Fwp%2Fv2%2Fmedia&parent=15"}],"curies":[{"name":"wp","href":"https:\/\/api.w.org\/{rel}","templated":true}]}}